{"id":9,"date":"2016-10-04T09:51:34","date_gmt":"2016-10-04T09:51:34","guid":{"rendered":"http:\/\/scriptreaderonline.com\/?page_id=9"},"modified":"2018-10-22T22:19:35","modified_gmt":"2018-10-23T02:19:35","slug":"tractor-trailer-accidents","status":"publish","type":"page","link":"https:\/\/marylandinjuryattorney.net\/es\/abogados-de-accidentes-de-semi-remolques","title":{"rendered":"Los Abogados de Accidente Remolque de Tractor"},"content":{"rendered":"<h1>ABOGADOS DE ACCIDENTES DE SEMI-REMOLQUES<\/h1>\n<h2>Al Servicio de toda el \u00e1rea de Maryland y D. C.<\/h2>\n<h3>Los abogados de accidentes de semi-remolques crean casos s\u00f3lidos para obtener resultados excelentes <\/h3>\n<p>Los accidentes de semi-remolques se encuentran entre los m\u00e1s mortales de todos los accidentes. Los semi-remolques pueden pesar de veinte a treinta veces m\u00e1s que un veh\u00edculo est\u00e1ndar y, debido a su tama\u00f1o, requieren m\u00e1s tiempo para frenar. La combinaci\u00f3n de la capacidad reducida para frenar r\u00e1pidamente y el peso masivo de los semi-remolques los convierte en una fuerza devastadora contra los autom\u00f3viles. En 2014, m\u00e1s de 3,000 personas perdieron la vida en accidentes de semi-remolques. La cantidad de personas que perdieron la vida en accidentes de semi-remolques aument\u00f3 en un 16 por ciento desde 2009. En Sanabria y Asociados, nuestros abogados especialistas en accidentes de semi-remolques tienen experiencia en las numerosas leyes que rigen estas demandas. Cuando los conductores de camiones y las compa\u00f1\u00edas de camiones intentan evitar responsabilidad por los accidentes que causan, nuestros abogados pueden debilitar su argumento y obtener la compensaci\u00f3n que nuestros clientes merecen. <\/p>\n<h2>LAS LEYES QUE RIGEN A LOS ACCIDENTES DE SEMI-REMOLQUES <\/h2>\n<h3>Las leyes estatales y federales <\/h3>\n<p>Ya que los semi-remolques a menudo participan en el comercio interestatal, la ley federal rige y regula gran parte de su actividad. Adem\u00e1s, ciertas leyes estatales pueden aplicarse cuando un semi-remolque est\u00e1 involucrado en un accidente. Adem\u00e1s, las empresas de transporte por carretera pueden tener sus propios conjuntos de reglas y pautas que los conductores de camiones deben seguir cuando viajan de un lugar a otro. <\/p>\n<p>La ley federal limita la cantidad de horas que los conductores de camiones pueden trabajar en un momento dado. La fatiga del conductor es peligrosa y los conductores de camiones est\u00e1n limitados a un l\u00edmite de manejo diario de 11 horas. Durante las primeras ocho horas, estos conductores deben tomar un descanso de media hora. Los conductores de camiones est\u00e1n obligados a registrar las horas que conducen.  <\/p>\n<p>En cuanto a las leyes estatales que entran en juego durante los accidentes de semi-remolques, las leyes de tr\u00e1nsito son com\u00fanmente citadas. Cada estado tiene el derecho de regular la seguridad del tr\u00e1fico como lo considere oportuno. Si un conductor de un cami\u00f3n est\u00e1 viajando demasiado r\u00e1pido para las condiciones, no sigue correctamente las se\u00f1ales de tr\u00e1fico, o est\u00e1 conduciendo bajo la influencia de alcohol o drogas, estas leyes afectar\u00e1n la demanda. <\/p>\n<p>Como a los conductores de camiones se les exige que trabajen muchas horas, se han reportado muchos casos de conductores que usan sustancias ilegales, como la coca\u00edna, para ayudarlos a mantenerse despiertos por m\u00e1s tiempo. Por supuesto, cuando estos conductores est\u00e1n bajo la influencia de tal sustancia y causan un accidente, pueden ser responsables de las lesiones que causan.<\/p>\n<h3>Las leyes de empleo <\/h3>\n<p>Las compa\u00f1\u00edas de transporte tambi\u00e9n pueden ser responsables por accidentes bajo ciertas leyes de empleo. Por ejemplo, si una empresa de transporte no investig\u00f3 minuciosamente el registro de manejo de un nuevo conductor, la empresa puede ser responsable de un accidente si posteriormente se demuestra que el conductor tuvo m\u00faltiples infracciones de tr\u00e1fico en su registro de manejo. Adem\u00e1s, las compa\u00f1\u00edas de transporte que retengan a los conductores que hayan causado accidentes o hayan recibido numerosas multas pueden ser responsables si esos conductores causan un accidente m\u00e1s adelante. <\/p>\n<h2>VERIFICACION DE UNA DEMANDA POR LESIONES <\/h2>\n<p>En Sanabria y Asociados, nuestros abogados de accidentes de semi-remolques saben qu\u00e9 evidencia buscar para obtener soporte a las demandas de nuestros clientes Adem\u00e1s de los registros y facturas m\u00e9dicas de nuestros clientes, buscamos registros de empleo, libros de registro, registros de tel\u00e9fonos celulares, registros de manejo, registros de mantenimiento y otros documentos similares de los camioneros y las empresas de transporte por carretera. Desarrollamos un caso para nuestros clientes que demostrar\u00e1 un v\u00ednculo entre la negligencia del camionero y \/ o la empresa de transporte y las lesiones de nuestros clientes.<\/p>\n<h2>DEJE QUE SANABRIA Y ASOCIADOS LO AYUDEN HOY<\/h2>\n<h3>Free, Confidential Accidentes \/ Lesiones Consulta Legal<\/h3>\n<p>Si usted o un ser querido fue herido en un accidente de semi-remolque, comun\u00edquese con los abogados con experiencia en lesiones personales en Sanabria y Asociados 24 horas al d\u00eda, los 7 d\u00edas de la semana, por tel\u00e9fono al <a href=\"tel:3015858400\">(301) 585-8400<\/a>\u00a0o <a href=\"https:\/\/marylandinjuryattorney.net\/es\/contactenos-247\">correo electr\u00f3nico<\/a> para una <strong>consulta gratuita <\/strong>o programar una visita en nuestras oficinas.\u00a0Luchamos arduamente para que usted obtenga la <em><strong> m\u00e1xima compensaci\u00f3n, y no hay honorarios a menos que ganemos su caso<\/strong><\/em>.<\/p>\n","protected":false},"excerpt":{"rendered":"ABOGADOS DE ACCIDENTES DE SEMI-REMOLQUES Al Servicio de toda el \u00e1rea de Maryland y D. C. Los abogados de accidentes de semi-remolques crean casos s\u00f3lidos para obtener resultados excelentes Los accidentes de semi-remolques se encuentran entre los m\u00e1s mortales de todos los accidentes. Los semi-remolques pueden pesar de veinte a treinta veces m\u00e1s que un&#8230; <a class=\"view-article\" href=\"https:\/\/marylandinjuryattorney.net\/es\/abogados-de-accidentes-de-semi-remolques\">View Article<\/a>","protected":false},"author":1,"featured_media":0,"parent":0,"menu_order":0,"comment_status":"closed","ping_status":"closed","template":"","meta":{"inline_featured_image":false},"aioseo_notices":[],"_links":{"self":[{"href":"https:\/\/marylandinjuryattorney.net\/es\/wp-json\/wp\/v2\/pages\/9"}],"collection":[{"href":"https:\/\/marylandinjuryattorney.net\/es\/wp-json\/wp\/v2\/pages"}],"about":[{"href":"https:\/\/marylandinjuryattorney.net\/es\/wp-json\/wp\/v2\/types\/page"}],"author":[{"embeddable":true,"href":"https:\/\/marylandinjuryattorney.net\/es\/wp-json\/wp\/v2\/users\/1"}],"replies":[{"embeddable":true,"href":"https:\/\/marylandinjuryattorney.net\/es\/wp-json\/wp\/v2\/comments?post=9"}],"version-history":[{"count":10,"href":"https:\/\/marylandinjuryattorney.net\/es\/wp-json\/wp\/v2\/pages\/9\/revisions"}],"predecessor-version":[{"id":529,"href":"https:\/\/marylandinjuryattorney.net\/es\/wp-json\/wp\/v2\/pages\/9\/revisions\/529"}],"wp:attachment":[{"href":"https:\/\/marylandinjuryattorney.net\/es\/wp-json\/wp\/v2\/media?parent=9"}],"curies":[{"name":"wp","href":"https:\/\/api.w.org\/{rel}","templated":true}]}}