{"id":72,"date":"2016-10-11T08:03:08","date_gmt":"2016-10-11T08:03:08","guid":{"rendered":"http:\/\/harleywax.se\/developer\/?page_id=72"},"modified":"2018-10-22T22:15:59","modified_gmt":"2018-10-23T02:15:59","slug":"motorcycle-accidents","status":"publish","type":"page","link":"https:\/\/marylandinjuryattorney.net\/es\/abogados-de-accidentes-de-motocicletas","title":{"rendered":"Abogados de accidentes de motocicleta en Maryland y D.C."},"content":{"rendered":"<h1>ABOGADOS DE ACCIDENTES DE MOTOCICLETAS<\/h1>\n<h2>Al Servicio de toda el \u00e1rea de Maryland y D. C.<\/h2>\n<h3>Nos aseguramos de que los pasajeros lesionados reciban la compensaci\u00f3n que merecen <\/h3>\n<p>Los motociclistas son especialmente susceptibles a lesiones y muerte cuando est\u00e1n involucrados en accidentes de tr\u00e1fico, debido a la falta de protecciones disponibles mientras conducen. Por supuesto, los cascos y otros equipos de seguridad pueden ser beneficiosos, pero cuando un motociclista es atropellado por un autom\u00f3vil o cami\u00f3n, los resultados a menudo son mortales. En 2014, se calcul\u00f3 que las muertes en motocicletas eran m\u00e1s de 27 veces el n\u00famero de muertes por veh\u00edculos de motor cuando se calculaba por milla. Desafortunadamente, muchas personas que manejan imprudentemente y lesionan o incluso matan a los motociclistas tratan de culpar a otros. En Sanabria y Asociados, nuestros abogados especialistas en accidentes de motocicletas tienen a\u00f1os de experiencia en la tramitaci\u00f3n de estas demandas en nombre de nuestros clientes, tanto dentro como fuera de la sala del tribunal. <\/p>\n<h2>RESPONSABILIDAD POR UN ACCIDENTE DE MOTOCICLETA <\/h2>\n<p>Los motociclistas corren un mayor riesgo de verse involucrados en un accidente porque son m\u00e1s peque\u00f1os y menos visibles que otros veh\u00edculos de motor. Si agregamos viajes nocturnos o condiciones clim\u00e1ticas tormentosas a la mezcla, usted obtiene una situaci\u00f3n peligrosa. <\/p>\n<p>Todos los conductores, ya sea que operen un cami\u00f3n, autom\u00f3vil o motocicleta, tienen el deber de actuar razonablemente bajo las circunstancias mientras viajan. Actuar razonablemente significa prestar atenci\u00f3n cuidadosamente a la carretera, conducir con sensatez en condiciones clim\u00e1ticas adversas y seguir las se\u00f1ales de tr\u00e1nsito y las advertencias. <\/p>\n<p>Cuando un conductor no act\u00faa razonablemente bajo las circunstancias y causa un accidente, ese conductor puede ser responsable del da\u00f1o que \u00e9l o ella causa. Una v\u00edctima debe probar que las lesiones sufridas en el accidente fueron causadas directamente por la negligencia del conductor. Sin embargo, este no es siempre un proceso f\u00e1cil. Se\u00f1ales de tr\u00e1fico defectuosas, fallas mec\u00e1nicas y otras circunstancias imprevistas pueden oscurecer el tema de la responsabilidad. En Sanabria y Asociados, nuestros abogados tienen experiencia en el estudio de informes de accidentes, relatos de testigos y otros tipos de evidencia para armar los casos para nuestros clientes. Sin una representaci\u00f3n legal adecuada, un individuo que no tuvo la culpa de un accidente puede perder la indemnizaci\u00f3n a la que ten\u00eda derecho seg\u00fan la ley. <\/p>\n<h2>LAS LESIONES EN UN ACCIDENTE DE MOTOCICLETA <\/h2>\n<p><strong>\u00a0<\/strong>Los tipos de lesiones que un motociclista puede sufrir en un accidente var\u00edan significativamente. Pueden incluir: <\/p>\n<ul>\n<li>Lesiones cerebrales traum\u00e1ticas <\/li>\n<li>Fracturas y huesos rotos<\/li>\n<li>Contusiones<\/li>\n<li>Da\u00f1os a \u00f3rganos internos<\/li>\n<li>Lesiones de cuello <\/li>\n<li>Lesiones de espalda<\/li>\n<li>Par\u00e1lisis<\/li>\n<li>Lesiones psicol\u00f3gicas, como trastorno de estr\u00e9s postraum\u00e1tico <\/li>\n<li>Quemaduras <\/li>\n<li>P\u00e9rdida de miembros<\/li>\n<\/ul>\n<p>En casos graves, estas lesiones pueden ser fatales. <\/p>\n<p>Cuando un motociclista no tiene la culpa de un accidente, puede tener derecho a recuperarse por estas lesiones. El que estos da\u00f1os se otorguen o no, depende de la evidencia que se presente para respaldar que estas lesiones fueron causadas directamente por el accidente. En Sanabria y Asociados, consultamos con expertos m\u00e9dicos para obtener una comprensi\u00f3n integral de sus lesiones. Esto nos permite fortalecer su caso, ya sea que se acuerde fuera del tribunal o vaya a juicio. <\/p>\n<h2>CUANDO PRESENTAR UNA DEMANDA<\/h2>\n<p>Cada estado tiene establecidas fechas l\u00edmite espec\u00edficas que determinan cu\u00e1nto tiempo un demandante para presentar una demanda. Por lo general, el reloj comienza a funcionar en el momento en que se sufre la lesi\u00f3n. Si una v\u00edctima espera demasiado tiempo para presentar una demanda y no cumple con este plazo, que se conoce como prescripci\u00f3n, la v\u00edctima puede no ser capaz de recuperar los da\u00f1os y perjuicios del conductor culpable. <\/p>\n<h2>DEJE QUE SANABRIA Y ASOCIADOS LO AYUDEN HOY<\/h2>\n<h3>P\u00f3ngase en contacto con nuestros abogados para una consulta gratuita y confidencial donde examinaremos su demanda de accidente de motocicleta<\/h3>\n<p>Si se lesion\u00f3 en un accidente de motocicleta, comun\u00edquese con los abogados especializados en lesiones personales de Sanabria y Asociados las 24 horas, todos los d\u00edas, por tel\u00e9fono al <a href=\"tel:3015858400\">(301) 585-8400<\/a>\u00a0o por <a href=\"https:\/\/marylandinjuryattorney.net\/es\/contactenos-247\">correo electr\u00f3nico<\/a> para una <strong>consulta gratuita <\/strong>o programar una visita en nuestras oficinas. Nuestras oficinas se encuentran en Silver Spring, Baltimore, Langley Park y Washington D. C. Lucharemos arduamente para que pueda obtener la  <em><strong>m\u00e1xima compensaci\u00f3n financiera, y no habr\u00e1 cargos hasta que ganemos su caso<\/strong><\/em>.<\/p>\n","protected":false},"excerpt":{"rendered":"ABOGADOS DE ACCIDENTES DE MOTOCICLETAS Al Servicio de toda el \u00e1rea de Maryland y D. C. Nos aseguramos de que los pasajeros lesionados reciban la compensaci\u00f3n que merecen Los motociclistas son especialmente susceptibles a lesiones y muerte cuando est\u00e1n involucrados en accidentes de tr\u00e1fico, debido a la falta de protecciones disponibles mientras conducen. Por supuesto,&#8230; <a class=\"view-article\" href=\"https:\/\/marylandinjuryattorney.net\/es\/abogados-de-accidentes-de-motocicletas\">View Article<\/a>","protected":false},"author":1,"featured_media":0,"parent":0,"menu_order":0,"comment_status":"closed","ping_status":"closed","template":"","meta":{"inline_featured_image":false},"aioseo_notices":[],"_links":{"self":[{"href":"https:\/\/marylandinjuryattorney.net\/es\/wp-json\/wp\/v2\/pages\/72"}],"collection":[{"href":"https:\/\/marylandinjuryattorney.net\/es\/wp-json\/wp\/v2\/pages"}],"about":[{"href":"https:\/\/marylandinjuryattorney.net\/es\/wp-json\/wp\/v2\/types\/page"}],"author":[{"embeddable":true,"href":"https:\/\/marylandinjuryattorney.net\/es\/wp-json\/wp\/v2\/users\/1"}],"replies":[{"embeddable":true,"href":"https:\/\/marylandinjuryattorney.net\/es\/wp-json\/wp\/v2\/comments?post=72"}],"version-history":[{"count":12,"href":"https:\/\/marylandinjuryattorney.net\/es\/wp-json\/wp\/v2\/pages\/72\/revisions"}],"predecessor-version":[{"id":523,"href":"https:\/\/marylandinjuryattorney.net\/es\/wp-json\/wp\/v2\/pages\/72\/revisions\/523"}],"wp:attachment":[{"href":"https:\/\/marylandinjuryattorney.net\/es\/wp-json\/wp\/v2\/media?parent=72"}],"curies":[{"name":"wp","href":"https:\/\/api.w.org\/{rel}","templated":true}]}}