{"id":70,"date":"2016-10-11T08:02:46","date_gmt":"2016-10-11T08:02:46","guid":{"rendered":"http:\/\/harleywax.se\/developer\/?page_id=70"},"modified":"2018-10-22T22:19:58","modified_gmt":"2018-10-23T02:19:58","slug":"bicycle-pedestrian-accidents","status":"publish","type":"page","link":"https:\/\/marylandinjuryattorney.net\/es\/abogados-de-accidentes-de-peatones-y-ciclistas","title":{"rendered":"Los Accidentes de Ciclistas y Peatones"},"content":{"rendered":"<h1>ABOGADOS DE ACCIDENTES DE PEATONES Y DE BICICLETAS<\/h1>\n<h2>Atendiendo a toda el \u00e1rea de Maryland y D. C.<\/h2>\n<h3>La ley responsabiliza a los conductores negligentes por los accidentes<\/h3>\n<p>Los peatones y los ciclistas son vulnerables ya que viajan junto con los veh\u00edculos de motor. En accidentes con peatones y ciclistas, los resultados a menudo son lesiones graves o incluso la muerte. Los peatones y ciclistas no est\u00e1n protegidos mientras viajan, a diferencia de los conductores y pasajeros en veh\u00edculos motorizados. Adem\u00e1s, los conductores que no prestan atenci\u00f3n pueden no ver a los ciclistas y peatones hasta que es demasiado tarde. En Sanabria y Asociados, nuestros abogados de lesiones personales para peatones y bicicletas tienen experiencia en numerosas demandas por accidentes. Su minuciosidad y eficiencia aseguran que nuestros clientes reciban resultados excelentes lo m\u00e1s r\u00e1pido posible. <\/p>\n<h2>DEFENSAS A DEMANDAS DE ACCIDENTES DE BICICLETAS Y PEATONES <\/h2>\n<p><strong>\u00a0<\/strong>Con frecuencia, los conductores que causan accidentes en bicicleta y peatones culpan r\u00e1pidamente a las v\u00edctimas lesionadas. Algunas de estas defensas pueden incluir los siguientes argumentos: <\/p>\n<ul>\n<li>El peat\u00f3n no estaba usando el cruce de peatones <\/li>\n<li>El peat\u00f3n no mir\u00f3 antes de cruzar la calle <\/li>\n<li>El peat\u00f3n no prest\u00f3 atenci\u00f3n a las se\u00f1ales de tr\u00e1nsito (como la se\u00f1al de &#8220;caminar&#8221;) <\/li>\n<li>El peat\u00f3n interrumpi\u00f3 el flujo de tr\u00e1fico <\/li>\n<li>El peat\u00f3n o el ciclista viajaban en la direcci\u00f3n incorrecta <\/li>\n<li>El peat\u00f3n o el ciclista no estaban visibles <\/li>\n<li>El ciclista no usaba equipo de protecci\u00f3n <\/li>\n<li>El ciclista no us\u00f3 carriles designados para bicicletas <\/li>\n<li>El ciclista no hizo se\u00f1as antes de girar <\/li>\n<li>El ciclista excedi\u00f3 la velocidad. <\/li>\n<\/ul>\n<p>Estas son solo algunas de las defensas que los conductores culpables pueden argumentar contra un peat\u00f3n o ciclista lesionado. <\/p>\n<h2>EL PROCESO LEGAL INVOLUCRADO EN UN ACCIDENTE DE PEATON O DE BICICLETA<\/h2>\n<p> Poco despu\u00e9s de un accidente que involucra a un ciclista o un peat\u00f3n, las compa\u00f1\u00edas de seguros intentar\u00e1n resolver las demandas. Sin embargo, las v\u00edctimas de accidentes no deben hablar con estos ajustadores sin consultar a un abogado. La lealtad de los ajustadores de seguros es para con la compa\u00f1\u00eda de seguros. Su trabajo es resolver las demandas por la menor cantidad posible. Por lo tanto, la mayor\u00eda de las veces, las ofertas que hagan ser\u00e1n extremadamente inadecuadas.<\/p>\n<p>Una vez que la v\u00edctima haya contratado a un abogado, el abogado se comunicar\u00e1 con la compa\u00f1\u00eda de seguros en nombre de la v\u00edctima. El abogado reunir\u00e1 evidencia que respalda la demanda de la v\u00edctima y preparar\u00e1 un paquete de demanda. El paquete de demanda incluye todos los registros m\u00e9dicos, facturas y otros da\u00f1os que la v\u00edctima reclama. El abogado tambi\u00e9n har\u00e1 una oferta de acuerdo en este paquete. Si la compa\u00f1\u00eda de seguros se niega a llegar a un acuerdo, se debe presentar una demanda. <\/p>\n<p>Una vez que se presente una demanda, las partes se involucrar\u00e1n en el descubrimiento, que es el intercambio de pruebas entre los abogados opositores. Se pueden intercambiar registros m\u00e9dicos, facturas m\u00e9dicas, registros de empleo, testimonios de testigos oculares, registros de manejo y otros art\u00edculos similares. Las partes pueden ser destituidas y tambi\u00e9n pueden asistir a la mediaci\u00f3n, que es el intento de negociar un acuerdo de resoluci\u00f3n con la asistencia de un tercero neutral. <\/p>\n<p>Una vez que se presente una demanda, las partes se involucrar\u00e1n en el descubrimiento, que es el intercambio de pruebas entre los abogados opositores. Se pueden intercambiar registros m\u00e9dicos, facturas m\u00e9dicas, registros de empleo, testimonios de testigos oculares, registros de manejo y otros art\u00edculos similares. Las partes pueden ser destituidas y tambi\u00e9n pueden asistir a la mediaci\u00f3n, que es el intento de negociar un acuerdo de resoluci\u00f3n con la asistencia de un tercero neutral. <\/p>\n<h2>DEJE QUE SANABRIA Y ASOCIADOS LO AYUDEN HOY. <\/h2>\n<h3>Cont\u00e1ctate con nuestros abogados para una consulta gratuita y confidencial donde examinaremos tu demanda de accidente de peat\u00f3n o de bicicleta.<\/h3>\n<p>Si usted ha sido lesionado en un accidente de bicicleta o de peat\u00f3n, comun\u00edquese con los abogados con experiencia en lesiones personales de Sanabria y Asociados 24 horas al d\u00eda, los 7 d\u00edas de la semana, por tel\u00e9fono al <a href=\"tel:3015858400\">(301) 585-8400<\/a>\u00a0o <a https:\/\/marylandinjuryattorney.net\/es\/contactenos-247\">correo electr\u00f3nico<\/a> para una <strong>consulta gratuita <\/strong>o programar una visita en nuestras oficinas. Nuestros abogados son agresivos, pero diplom\u00e1ticos, y est\u00e1n comprometidos a obtener la m\u00e1xima compensaci\u00f3n para nuestros clientes. <em><strong>No hay cobro a menos que ganemos su caso.<\/strong><\/em><\/p>\n","protected":false},"excerpt":{"rendered":"ABOGADOS DE ACCIDENTES DE PEATONES Y DE BICICLETAS Atendiendo a toda el \u00e1rea de Maryland y D. C. La ley responsabiliza a los conductores negligentes por los accidentes Los peatones y los ciclistas son vulnerables ya que viajan junto con los veh\u00edculos de motor. En accidentes con peatones y ciclistas, los resultados a menudo son&#8230; <a class=\"view-article\" href=\"https:\/\/marylandinjuryattorney.net\/es\/abogados-de-accidentes-de-peatones-y-ciclistas\">View Article<\/a>","protected":false},"author":1,"featured_media":0,"parent":0,"menu_order":0,"comment_status":"closed","ping_status":"closed","template":"","meta":{"inline_featured_image":false},"aioseo_notices":[],"_links":{"self":[{"href":"https:\/\/marylandinjuryattorney.net\/es\/wp-json\/wp\/v2\/pages\/70"}],"collection":[{"href":"https:\/\/marylandinjuryattorney.net\/es\/wp-json\/wp\/v2\/pages"}],"about":[{"href":"https:\/\/marylandinjuryattorney.net\/es\/wp-json\/wp\/v2\/types\/page"}],"author":[{"embeddable":true,"href":"https:\/\/marylandinjuryattorney.net\/es\/wp-json\/wp\/v2\/users\/1"}],"replies":[{"embeddable":true,"href":"https:\/\/marylandinjuryattorney.net\/es\/wp-json\/wp\/v2\/comments?post=70"}],"version-history":[{"count":11,"href":"https:\/\/marylandinjuryattorney.net\/es\/wp-json\/wp\/v2\/pages\/70\/revisions"}],"predecessor-version":[{"id":530,"href":"https:\/\/marylandinjuryattorney.net\/es\/wp-json\/wp\/v2\/pages\/70\/revisions\/530"}],"wp:attachment":[{"href":"https:\/\/marylandinjuryattorney.net\/es\/wp-json\/wp\/v2\/media?parent=70"}],"curies":[{"name":"wp","href":"https:\/\/api.w.org\/{rel}","templated":true}]}}