{"id":68,"date":"2016-10-11T08:02:06","date_gmt":"2016-10-11T08:02:06","guid":{"rendered":"http:\/\/harleywax.se\/developer\/?page_id=68"},"modified":"2018-10-22T22:16:27","modified_gmt":"2018-10-23T02:16:27","slug":"slip-and-fall-accidents","status":"publish","type":"page","link":"https:\/\/marylandinjuryattorney.net\/es\/abogados-para-caidas-y-resbalones","title":{"rendered":"Abogados de accidentes resbalones y ca\u00eddas"},"content":{"rendered":"<h1>ABOGADOS DE MARYLAND PARA CAIDAS Y RESBALONES <\/h1>\n<h2>Atendiendo a toda el \u00e1rea de Maryland y D. C.<\/h2>\n<h3>La ley responsabiliza a los propietarios de condiciones peligrosas. <\/h3>\n<p>En un d\u00eda determinado, ingresamos a varias propiedades diferentes: consultorios m\u00e9dicos, hogares de amigos y las tiendas de comestibles solo para nombrar unas cuantas. En cada uno de estos entornos, esperamos que los due\u00f1os o propietarios hayan tomado las precauciones adecuadas para mantener la propiedad segura y sin riesgos. Desafortunadamente, muchos propietarios no solucionan las condiciones peligrosas presentes en sus instalaciones. Si una persona resulta lesionada debido a una condici\u00f3n peligrosa en la propiedad, el due\u00f1o de la propiedad puede ser considerado responsable. En Sanabria y Asociados, nuestros experimentados abogados de resbalones y ca\u00eddas han representado a individuos en una variedad de demandas por lesiones. Nuestros abogados son minuciosos y agresivos y han presentado demandas contra propietarios de todo tipo. <\/p>\n<h2>EL ESTATUS DE UN VISITANTE <\/h2>\n<p><strong>\u00a0<\/strong>El deber que un propietario le debe a los visitantes que ingresan a una propiedad depende en gran medida del estatus del visitante. Los visitantes se dividen t\u00edpicamente en tres categor\u00edas: <\/p>\n<ul>\n<li>Permitidas;<\/li>\n<li>Invitados; and<\/li>\n<li>Intrusos<\/li>\n<\/ul>\n<p><span style=\"text-decoration: underline;\"><strong>Las permitidas<\/strong><\/span> son personas que ingresan a una propiedad con permiso. Sin embargo, los permitidos entran a la propiedad por su propia cuenta. Por ejemplo, un lector de medidores de su compa\u00f1\u00eda el\u00e9ctrica tiene permiso para ingresar a su propiedad y verificar su medidor. El objetivo de esta entrada en su propiedad es proporcionar a la compa\u00f1\u00eda el\u00e9ctrica informaci\u00f3n sobre su consumo estimado de energ\u00eda. Por lo general, los propietarios deben informar a los permitidos de las condiciones peligrosas que conocen si los permitidos no son capaces de darse cuenta de la condici\u00f3n. <\/p>\n<p><span style=\"text-decoration: underline;\"><strong>Los invitados <\/strong><\/span> suelen ser amigos, parientes y otras personas que han sido invitadas expresamente a una propiedad. Los propietarios deben mantener las instalaciones en condiciones razonablemente seguras para estos visitantes<\/p>\n<p><strong><span style=\"text-decoration: underline;\">Los intrusos<\/span>\u00a0<\/strong> son personas que ingresan a una propiedad sin el permiso del propietario. En la mayor\u00eda de los casos, los propietarios no est\u00e1n obligados a mantener sus instalaciones en condiciones seguras para los intrusos. <\/p>\n<h2>CONOCIMIENTO DE UNA CONDICI\u00d3N PELIGROSA <\/h2>\n<p><strong>\u00a0<\/strong>En la mayor\u00eda de los casos de resbalones y ca\u00eddas, la v\u00edctima debe demostrar que el propietario o sus agentes ten\u00edan conocimiento de una condici\u00f3n peligrosa y no se pudo eliminar o advertir a otros sobre ello. Por ejemplo, considere a una mujer que est\u00e1 haciendo compras en su centro comercial local. Se dirige al pasillo de comida para mascotas, donde busca golosinas para perros. Cuarenta y cinco minutos antes, un ni\u00f1o dej\u00f3 caer su batido en este pasillo. El batido se derrama en el piso, formando un gran charco a medida que se derrite. Mientras la mujer contin\u00faa paseando, no nota el charco en el piso. Ella se resbala en el batido derretido y cae, rompi\u00e9ndose el tobillo. M\u00e1s tarde, se descubre que un empleado de la tienda pas\u00f3 cerca del batido derramado varias veces, pero no coloc\u00f3 un letrero de piso mojado ni lo limpi\u00f3. <\/p>\n<p>En esta situaci\u00f3n, es muy probable que la tienda sea responsable de las lesiones de la mujer. La tienda supo del batido derramado y no lo limpi\u00f3. Por lo tanto, no elimin\u00f3 la condici\u00f3n ni proporcion\u00f3 una advertencia a otros usuarios al respecto. Sin embargo, si el batido se hubiese derramado solo momentos antes, la tienda probablemente no ser\u00eda responsable, ya que probablemente no tuvo noticia del batido derramado.<\/p>\n<h2>DEJE QUE SANABRIA Y ASOCIADOS LO AYUDEN HOY <\/h2>\n<h3>Si usted result\u00f3 herido en un resbal\u00f3n y ca\u00edda, comun\u00edquese con nuestros abogados hoy para hacer una consulta gratuita y confidencial <\/h3>\n<p>Si usted sufri\u00f3 una lesi\u00f3n debido a una condici\u00f3n peligrosa en la propiedad de otra persona, comun\u00edquese con nuestros abogados en Sanabria y Asociados 24 horas al d\u00eda, los 7 d\u00edas de la semana, por tel\u00e9fono al  <a href=\"tel:3015858400\">(301) 585-8400<\/a>\u00a0o <a href=\"https:\/\/marylandinjuryattorney.net\/es\/contactenos-247\">correo electr\u00f3nico<\/a> para una <strong>consulta gratuita <\/strong>o programar una visita en nuestras oficinas.\u00a0Durante su consulta gratuita, conversaremos sobre el incidente para determinar si usted puede solicitar da\u00f1os y perjuicios. Nosotros proporcionamos representaci\u00f3n legal eficiente y de calidad para que obtenga la <em><strong>m\u00e1xima compensaci\u00f3n financiera, y no hay honorarios a menos que ganemos su caso.<\/strong><\/em>.<\/p>\n","protected":false},"excerpt":{"rendered":"ABOGADOS DE MARYLAND PARA CAIDAS Y RESBALONES Atendiendo a toda el \u00e1rea de Maryland y D. C. La ley responsabiliza a los propietarios de condiciones peligrosas. En un d\u00eda determinado, ingresamos a varias propiedades diferentes: consultorios m\u00e9dicos, hogares de amigos y las tiendas de comestibles solo para nombrar unas cuantas. En cada uno de estos&#8230; <a class=\"view-article\" href=\"https:\/\/marylandinjuryattorney.net\/es\/abogados-para-caidas-y-resbalones\">View Article<\/a>","protected":false},"author":1,"featured_media":0,"parent":0,"menu_order":0,"comment_status":"closed","ping_status":"closed","template":"","meta":{"inline_featured_image":false},"aioseo_notices":[],"_links":{"self":[{"href":"https:\/\/marylandinjuryattorney.net\/es\/wp-json\/wp\/v2\/pages\/68"}],"collection":[{"href":"https:\/\/marylandinjuryattorney.net\/es\/wp-json\/wp\/v2\/pages"}],"about":[{"href":"https:\/\/marylandinjuryattorney.net\/es\/wp-json\/wp\/v2\/types\/page"}],"author":[{"embeddable":true,"href":"https:\/\/marylandinjuryattorney.net\/es\/wp-json\/wp\/v2\/users\/1"}],"replies":[{"embeddable":true,"href":"https:\/\/marylandinjuryattorney.net\/es\/wp-json\/wp\/v2\/comments?post=68"}],"version-history":[{"count":12,"href":"https:\/\/marylandinjuryattorney.net\/es\/wp-json\/wp\/v2\/pages\/68\/revisions"}],"predecessor-version":[{"id":524,"href":"https:\/\/marylandinjuryattorney.net\/es\/wp-json\/wp\/v2\/pages\/68\/revisions\/524"}],"wp:attachment":[{"href":"https:\/\/marylandinjuryattorney.net\/es\/wp-json\/wp\/v2\/media?parent=68"}],"curies":[{"name":"wp","href":"https:\/\/api.w.org\/{rel}","templated":true}]}}