{"id":469,"date":"2018-08-23T18:17:32","date_gmt":"2018-08-23T22:17:32","guid":{"rendered":"https:\/\/www.marylandinjuryattorney.net\/?page_id=469"},"modified":"2020-07-28T16:28:45","modified_gmt":"2020-07-28T20:28:45","slug":"abogado-eric-suarez-2","status":"publish","type":"page","link":"https:\/\/marylandinjuryattorney.net\/es\/abogados\/eric-suarez","title":{"rendered":"Abogado Eric Suarez"},"content":{"rendered":"<h1>Abogado Eric Suarez<\/h1>\n<p><img class=\"alignleft size-full wp-image-252\" style=\"float: left; margin: 15px; border: 4px; border-style: solid; border-color: #003466;\" src=\"https:\/\/www.dmvimmigrationlawyer.com\/es\/wp-content\/uploads\/2018\/08\/Abogado-Eric-Suarez.jpg\" alt=\"Eric Suarez\" \/><\/p>\n<p style=\"text-align: justify;\">El abogado Eric Suarez concentra su pr\u00e1ctica en la ley de inmigraci\u00f3n. Como abogado de inmigraci\u00f3n, enfoca su pr\u00e1ctica en la defensa de deportaci\u00f3n, incluido el asilo, la retenci\u00f3n de deportaci\u00f3n y la intersecci\u00f3n de la inmigraci\u00f3n y el derecho penal.<\/p>\n<p>Eric es miembro del Colegio de Abogados estatal de Maryland y es graduado de la Universidad Johns Hopkins. Obtuvo el t\u00edtulo de Juris Doctor en la Facultad de Derecho Francis King Carey de la Universidad de Maryland, donde represent\u00f3 a clientes como abogado estudiantil en la Asociaci\u00f3n Nacional para Sordos. Tambi\u00e9n se desempe\u00f1\u00f3 como Presidente de la Asociaci\u00f3n Latina de Estudiantes de Derecho y ayud\u00f3 a garantizar que los menores no acompa\u00f1ados tuvieran acceso a una representaci\u00f3n pro bono ante la Corte de Inmigraci\u00f3n de Baltimore.<\/p>\n<p>Si usted tiene un asunto legal que le gustar\u00eda discutir con el abogado Eric Suarez u otro abogado de la firma, comun\u00edquese con Sanabria y Asociados 24 horas al d\u00eda, los 7 d\u00edas de la semana, por tel\u00e9fono en Maryland al <a href=\"tel:3015858400\">(301) 585-8400<\/a>, o D.C. al <a href=\"tel:2025064404\">(202) 506-4404<\/a>\u00a0o por <a href=\"\/es\/contactenos-247\/\">correo electr\u00f3nico <\/a> para una <strong>consulta gratuita <\/strong>o programar una visita en nuestras oficinas.<\/p>\n","protected":false},"excerpt":{"rendered":"Abogado Eric Suarez El abogado Eric Suarez concentra su pr\u00e1ctica en la ley de inmigraci\u00f3n. Como abogado de inmigraci\u00f3n, enfoca su pr\u00e1ctica en la defensa de deportaci\u00f3n, incluido el asilo, la retenci\u00f3n de deportaci\u00f3n y la intersecci\u00f3n de la inmigraci\u00f3n y el derecho penal. Eric es miembro del Colegio de Abogados estatal de Maryland y&#8230; <a class=\"view-article\" href=\"https:\/\/marylandinjuryattorney.net\/es\/abogados\/eric-suarez\">View Article<\/a>","protected":false},"author":1,"featured_media":0,"parent":0,"menu_order":0,"comment_status":"closed","ping_status":"closed","template":"","meta":{"inline_featured_image":false},"aioseo_notices":[],"_links":{"self":[{"href":"https:\/\/marylandinjuryattorney.net\/es\/wp-json\/wp\/v2\/pages\/469"}],"collection":[{"href":"https:\/\/marylandinjuryattorney.net\/es\/wp-json\/wp\/v2\/pages"}],"about":[{"href":"https:\/\/marylandinjuryattorney.net\/es\/wp-json\/wp\/v2\/types\/page"}],"author":[{"embeddable":true,"href":"https:\/\/marylandinjuryattorney.net\/es\/wp-json\/wp\/v2\/users\/1"}],"replies":[{"embeddable":true,"href":"https:\/\/marylandinjuryattorney.net\/es\/wp-json\/wp\/v2\/comments?post=469"}],"version-history":[{"count":7,"href":"https:\/\/marylandinjuryattorney.net\/es\/wp-json\/wp\/v2\/pages\/469\/revisions"}],"predecessor-version":[{"id":580,"href":"https:\/\/marylandinjuryattorney.net\/es\/wp-json\/wp\/v2\/pages\/469\/revisions\/580"}],"wp:attachment":[{"href":"https:\/\/marylandinjuryattorney.net\/es\/wp-json\/wp\/v2\/media?parent=469"}],"curies":[{"name":"wp","href":"https:\/\/api.w.org\/{rel}","templated":true}]}}