{"id":4,"date":"2016-10-04T09:50:45","date_gmt":"2016-10-04T09:50:45","guid":{"rendered":"http:\/\/scriptreaderonline.com\/?page_id=4"},"modified":"2022-08-26T19:16:52","modified_gmt":"2022-08-26T23:16:52","slug":"abogados-de-lesiones-personales-de-virginia","status":"publish","type":"page","link":"https:\/\/marylandinjuryattorney.net\/es\/","title":{"rendered":"Abogados de lesiones personales en Maryland y D.C."},"content":{"rendered":"<p><img loading=\"lazy\" class=\"photox\" style=\"width: 100%; height: 100%; margin-top: 15px;\" src=\"https:\/\/marylandinjuryattorney.net\/es\/wp-content\/uploads\/2019\/05\/injury-gunther2-2019.jpg\" width=\"690\" height=\"504\" \/><\/p>\n<h1>ABOGADOS DE LESIONES PERSONALES DE MARYLAND<\/h1>\n<h2>Atendiendo a toda el \u00e1rea de Maryland y D. C.<\/h2>\n<h3>\u00a1La compensaci\u00f3n financiera m\u00e1xima es siempre nuestro objetivo!<\/h3>\n<p>Usted ha sido lesionado y no fue su culpa &#8212; s\u00ed, debe presentar una demanda. Las lesiones personales a menudo ocurren en un abrir y cerrar de ojos, pero sus efectos pueden sentirse durante toda la vida. El sistema legal otorga derechos espec\u00edficos a las v\u00edctimas de demandas por lesiones personales, permiti\u00e9ndoles buscar da\u00f1os y perjuicios monetarios por los da\u00f1os que han sufrido. Sin una representaci\u00f3n legal adecuada, estas v\u00edctimas pueden no conocer la gama completa de los da\u00f1os monetarios a los que tienen derecho. Con nosotros de su lado, puede estar seguro de que lucharemos por la <strong>m\u00e1xima compensaci\u00f3n financiera<\/strong> permitida por la ley para su lesi\u00f3n personal. Vamos a ser su voz desde el principio hasta el final. <\/p>\n<p>Del mismo modo, sin un abogado fuerte de lesiones personales, las v\u00edctimas corren el riesgo de no poder apoyar sus argumentos en el caso. En Sanabria y Asociados, nuestros abogados son eficientes, compasivos y tienen experiencia en una variedad de demandas por lesiones personales. Nuestro equipo legal tiene la experiencia necesaria para proporcionar la representaci\u00f3n que usted se merece. Durante su consulta gratuita, revisaremos sus opciones legales. No existe ning\u00fan riesgo cuando contrata a nuestra firma, <strong>usted no paga una tarifa hasta que ganemos su caso<\/strong>.<\/p>\n<h2>DEMANDAS POR LESIONES PERSONALES QUE MANEJAMOS<\/h2>\n<p>Hay una variedad de demandas por lesiones personales que podemos manejar por usted. Estas incluyen: <\/p>\n<p><strong><span style=\"color: #0b3350;\">ACCIDENTES DE VEH\u00cdCULOS MOTORIZADOS<\/span>:<\/strong> Cuando las acciones negligentes de un automovilista lastiman a otra persona, es necesario presentar una demanda de accidente de veh\u00edculo de motor. En estas demandas, las v\u00edctimas y sus abogados re\u00fanen pruebas, como registros m\u00e9dicos e informes de accidentes, para demostrar c\u00f3mo la negligencia del conductor culpable caus\u00f3 las lesiones.<\/p>\n<p><strong><span style=\"color: #0b3350;\">ACCIDENTES DE SEMI-REMOLQUE<\/span>:<\/strong> Los semi-remolques suelen dedicarse al comercio interestatal, lo que los somete a ambas leyes estatales y federales. Cuando ocurre un accidente que involucra un semi-remolque, estas leyes deben ser cuidadosamente estudiadas para determinar cu\u00e1les se aplican. <\/p>\n<p><strong><span style=\"color: #0b3350;\">ACCIDENTES DE MOTOCICLETA<\/span>:<\/strong> Cuando un motociclista se lesiona en un accidente, el conductor culpable puede intentar argumentar que el motociclista fue de alguna manera al menos parcialmente responsable del accidente. Los abogados de lesiones personales trabajar\u00e1n para desacreditar estas demandas a fin de garantizar que los derechos de sus clientes est\u00e9n protegidos. <\/p>\n<p><strong><span style=\"color: #0b3350;\">RESBALONES Y CA\u00cdDAS<\/span>:<\/strong> Las demandas por resbalones y ca\u00eddas se encuentran bajo el paraguas de casos de responsabilidad civil por lesiones personales. Cuando una persona ingresa en la propiedad de otra persona o entidad, el due\u00f1o de la propiedad tiene ciertos deberes para con esa persona, es decir, mantener la propiedad en condiciones seguras. Si un individuo resulta lesionado debido a una condici\u00f3n peligrosa en la propiedad, esa persona puede obtener un monto por los da\u00f1os. <\/p>\n<p><strong><span style=\"color: #0b3350;\">NEGLIGENCIA M\u00c9DICA<\/span>:<\/strong> Confiamos en que los profesionales m\u00e9dicos tomen decisiones cr\u00edticas en nuestro nombre. Desafortunadamente, muchos profesionales cometen errores que causan lesiones graves o la muerte. Las demandas por negligencia m\u00e9dica a menudo son complicadas y requieren una comprensi\u00f3n profunda de la anatom\u00eda y la fisiolog\u00eda y la ley de lesiones personales. <\/p>\n<p><strong><span style=\"color: #0b3350;\">ACCIDENTES DE PEATONES Y BICICLETAS<\/span>:<\/strong> Los accidentes de peatones y bicicletas a menudo son especialmente devastadores debido a la gravedad de las lesiones que estas v\u00edctimas soportan. Es posible que estas v\u00edctimas nunca se recuperen por completo. Los abogados de lesiones personales trabajar\u00e1n arduamente para garantizar que se atiendan las necesidades actuales y futuras de los clientes. <\/p>\n<p><strong><span style=\"color: #0b3350;\">MUERTE POR NEGLIGENCIA<\/span>:<\/strong> En casos de muerte por negligencia, los familiares sobrevivientes del fallecido presentan una demanda. La demanda alega que, debido a la negligencia de otra persona, su ser querido fue muerto. Las demandas de muerte por negligencia buscan recuperaci\u00f3n por dolor y sufrimiento, facturas m\u00e9dicas y otros da\u00f1os, como la p\u00e9rdida de ingresos que sufrir\u00e1 la familia debido a la muerte.<\/p>\n<h2>DEJE QUE SANABRIA y ASOCIADOS LO AYUDEN HOY<\/h2>\n<h3>Consulta Legal y Confidencial de Inmigraci\u00f3n sin costo alguno<\/h3>\n<p>Se han establecido fechas l\u00edmite que restringen la cantidad de tiempo disponible para presentar una demanda por lesiones personales y muerte por negligencia. Por lo tanto, es importante consultar con un abogado de lesiones personales tan pronto como sea posible. <\/p>\n<p>Si usted ha resultado lesionado, comun\u00edquese con los abogados con experiencia en lesiones personales de Sanabria y Asociados las 24 horas del d\u00eda, los 7 d\u00edas de la semana, por tel\u00e9fono al <a href=\"tel:3015858400\">(301) 585-8400<\/a>, o D.C. al <a href=\"tel:2025064404\">(202) 506-4404<\/a>\u00a0o por <a href=\"https:\/\/marylandinjuryattorney.net\/es\/contactenos-247\">correo electr\u00f3nico <\/a> para una <strong>consulta gratuita <\/strong>o programar una visita en nuestras oficinas. Nuestras oficinas se encuentran en Silver Spring, Baltimore, Langley Park y Washington D. C. Lucharemos arduamente para que pueda obtener la <em><strong>m\u00e1xima compensaci\u00f3n financiera, y no habr\u00e1 honorarios hasta que ganemos su caso<\/strong><\/em>.<\/p>\n<p><a href=\"tel:3015858400\"><img style=\"float: left; margin-right: 10px;\" src=\"https:\/\/marylandinjuryattorney.net\/es\/wp-content\/uploads\/2016\/10\/phone.jpg\" alt=\"Call 24\/7\" \/><\/a><span style=\"color: #0b3350; font-weight: 600;\">English and Espa\u00f1ol<\/span><\/p>\n","protected":false},"excerpt":{"rendered":"ABOGADOS DE LESIONES PERSONALES DE MARYLAND Atendiendo a toda el \u00e1rea de Maryland y D. C. \u00a1La compensaci\u00f3n financiera m\u00e1xima es siempre nuestro objetivo! Usted ha sido lesionado y no fue su culpa &#8212; s\u00ed, debe presentar una demanda. Las lesiones personales a menudo ocurren en un abrir y cerrar de ojos, pero sus efectos&#8230; <a class=\"view-article\" href=\"https:\/\/marylandinjuryattorney.net\/es\/\">View Article<\/a>","protected":false},"author":1,"featured_media":0,"parent":0,"menu_order":0,"comment_status":"closed","ping_status":"closed","template":"","meta":{"inline_featured_image":false},"aioseo_notices":[],"_links":{"self":[{"href":"https:\/\/marylandinjuryattorney.net\/es\/wp-json\/wp\/v2\/pages\/4"}],"collection":[{"href":"https:\/\/marylandinjuryattorney.net\/es\/wp-json\/wp\/v2\/pages"}],"about":[{"href":"https:\/\/marylandinjuryattorney.net\/es\/wp-json\/wp\/v2\/types\/page"}],"author":[{"embeddable":true,"href":"https:\/\/marylandinjuryattorney.net\/es\/wp-json\/wp\/v2\/users\/1"}],"replies":[{"embeddable":true,"href":"https:\/\/marylandinjuryattorney.net\/es\/wp-json\/wp\/v2\/comments?post=4"}],"version-history":[{"count":76,"href":"https:\/\/marylandinjuryattorney.net\/es\/wp-json\/wp\/v2\/pages\/4\/revisions"}],"predecessor-version":[{"id":619,"href":"https:\/\/marylandinjuryattorney.net\/es\/wp-json\/wp\/v2\/pages\/4\/revisions\/619"}],"wp:attachment":[{"href":"https:\/\/marylandinjuryattorney.net\/es\/wp-json\/wp\/v2\/media?parent=4"}],"curies":[{"name":"wp","href":"https:\/\/api.w.org\/{rel}","templated":true}]}}