{"id":26,"date":"2016-10-04T12:32:20","date_gmt":"2016-10-04T12:32:20","guid":{"rendered":"http:\/\/scriptreaderonline.com\/?page_id=26"},"modified":"2022-08-26T19:21:54","modified_gmt":"2022-08-26T23:21:54","slug":"site-map","status":"publish","type":"page","link":"https:\/\/marylandinjuryattorney.net\/es\/site-map\/","title":{"rendered":"Site Map"},"content":{"rendered":"<h1>Site Map<\/h1>\n<h3 class=\"r\">En Espa\u00f1ol<\/h3>\n<ul class=\"page-list \">\n<li class=\"page_item page-item-11\"><a href=\"https:\/\/marylandinjuryattorney.net\/es\/abogados-de-accidentes-de-auto\">Abogados de accidentes de auto<\/a><\/li>\n<li class=\"page_item page-item-4\"><a href=\"https:\/\/www.marylandinjuryattorney.net\/es\/\">Abogados de lesiones personales<\/a><\/li>\n<li class=\"page_item page-item-151\"><a href=\"https:\/\/marylandinjuryattorney.net\/es\/abogados-de-negligencia-medica\">Abogado de negligencia m\u00e9dica<\/a><\/li>\n<li class=\"page_item page-item-72\"><a href=\"https:\/\/marylandinjuryattorney.net\/es\/abogados-de-accidentes-de-motocicletas\">Abogados de accidentes de motocicleta<\/a><\/li>\n<li class=\"page_item page-item-68\"><a href=\"https:\/\/marylandinjuryattorney.net\/es\/abogados-para-caidas-y-resbalones\">Abogados de accidentes resbalones y ca\u00eddas<\/a><\/li>\n<li class=\"page_item page-item-13\"><a href=\"https:\/\/marylandinjuryattorney.net\/es\/muerte-por-negligencia\">Abogados de muerte injusta<\/a><\/li>\n<li class=\"page_item page-item-9\"><a href=\"https:\/\/marylandinjuryattorney.net\/es\/abogados-de-accidentes-de-semi-remolques\">Los Abogados del Accidente Remolque de Tractor<\/a><\/li>\n<li class=\"page_item page-item-70\"><a href=\"https:\/\/marylandinjuryattorney.net\/es\/abogados-de-accidentes-de-peatones-y-ciclistas\">Los Accidentes de Ciclistas y Peatones<\/a><\/li>\n<li class=\"page_item page-item-15\"><a href=\"https:\/\/www.marylandinjuryattorney.net\/es\/contact-us-247\/\">Cont\u00e1ctenos 24\/7<\/a><\/li>\n<li class=\"page_item page-item-24\"><a href=\"https:\/\/www.marylandinjuryattorney.net\/es\/disclaimer\/\">Disclaimer<\/a><\/li>\n<li class=\"page_item page-item-28\"><a href=\"https:\/\/www.marylandinjuryattorney.net\/es\/privacy-policy\/\">Privacy Policy<\/a><\/li>\n<li class=\"page_item page-item-26 current_page_item\"><a href=\"https:\/\/www.marylandinjuryattorney.net\/es\/site-map\/\">Site Map<\/a><\/li>\n<\/ul>\n<h3>In English<\/h3>\n<ul class=\"page-list \">\n<li class=\"page_item page-item-11\"><a href=\"https:\/\/www.marylandinjuryattorney.net\/car-accident-lawyer\/\">Car Accident Lawyer<\/a><\/li>\n<li class=\"page_item page-item-4\"><a href=\"https:\/\/www.marylandinjuryattorney.net\/\">Personal Injury Lawyer<\/a><\/li>\n<li class=\"page_item page-item-151\"><a href=\"https:\/\/www.marylandinjuryattorney.net\/personal-injury\/medical-malpractice\/\">Medical Malpractice Lawyer<\/a><\/li>\n<li class=\"page_item page-item-72\"><a href=\"https:\/\/www.marylandinjuryattorney.net\/personal-injury\/motorcycle-accidents\/\">Motorcycle Accident Lawyer<\/a><\/li>\n<li class=\"page_item page-item-68\"><a href=\"https:\/\/www.marylandinjuryattorney.net\/personal-injury\/slip-and-fall-accidents\/\">Slip and Fall Lawyer<\/a><\/li>\n<li class=\"page_item page-item-13\"><a href=\"https:\/\/www.marylandinjuryattorney.net\/personal-injury\/wrongful-death\/\">Wrongful Death Lawyer<\/a><\/li>\n<li class=\"page_item page-item-9\"><a href=\"https:\/\/www.marylandinjuryattorney.net\/personal-injury\/tractor-trailer-accidents\/\">Tractor Trailer Accident Lawyer<\/a><\/li>\n<li class=\"page_item page-item-70\"><a href=\"https:\/\/www.marylandinjuryattorney.net\/personal-injury\/bicycle-pedestrian-accidents\/\">Pedestrian and Bicycle Accident Lawyer<\/a><\/li>\n<li class=\"page_item page-item-15\"><a href=\"https:\/\/www.marylandinjuryattorney.net\/contact-us-247\/\">Contact Us 24\/7<\/a><\/li>\n<li class=\"page_item page-item-24\"><a href=\"https:\/\/www.marylandinjuryattorney.net\/disclaimer\/\">Disclaimer<\/a><\/li>\n<li class=\"page_item page-item-28\"><a href=\"https:\/\/www.marylandinjuryattorney.net\/privacy-policy\/\">Privacy Policy<\/a><\/li>\n<li class=\"page_item page-item-26 current_page_item\"><a href=\"https:\/\/www.marylandinjuryattorney.net\/site-map\/\">Site Map<\/a><\/li>\n<\/ul>\n","protected":false},"excerpt":{"rendered":"Site Map En Espa\u00f1ol Abogados de accidentes de auto Abogados de lesiones personales Abogado de negligencia m\u00e9dica Abogados de accidentes de motocicleta Abogados de accidentes resbalones y ca\u00eddas Abogados de muerte injusta Los Abogados del Accidente Remolque de Tractor Los Accidentes de Ciclistas y Peatones Cont\u00e1ctenos 24\/7 Disclaimer Privacy Policy Site Map In English Car&#8230; <a class=\"view-article\" href=\"https:\/\/marylandinjuryattorney.net\/es\/site-map\/\">View Article<\/a>","protected":false},"author":1,"featured_media":0,"parent":0,"menu_order":0,"comment_status":"closed","ping_status":"closed","template":"","meta":{"inline_featured_image":false},"aioseo_notices":[],"_links":{"self":[{"href":"https:\/\/marylandinjuryattorney.net\/es\/wp-json\/wp\/v2\/pages\/26"}],"collection":[{"href":"https:\/\/marylandinjuryattorney.net\/es\/wp-json\/wp\/v2\/pages"}],"about":[{"href":"https:\/\/marylandinjuryattorney.net\/es\/wp-json\/wp\/v2\/types\/page"}],"author":[{"embeddable":true,"href":"https:\/\/marylandinjuryattorney.net\/es\/wp-json\/wp\/v2\/users\/1"}],"replies":[{"embeddable":true,"href":"https:\/\/marylandinjuryattorney.net\/es\/wp-json\/wp\/v2\/comments?post=26"}],"version-history":[{"count":9,"href":"https:\/\/marylandinjuryattorney.net\/es\/wp-json\/wp\/v2\/pages\/26\/revisions"}],"predecessor-version":[{"id":620,"href":"https:\/\/marylandinjuryattorney.net\/es\/wp-json\/wp\/v2\/pages\/26\/revisions\/620"}],"wp:attachment":[{"href":"https:\/\/marylandinjuryattorney.net\/es\/wp-json\/wp\/v2\/media?parent=26"}],"curies":[{"name":"wp","href":"https:\/\/api.w.org\/{rel}","templated":true}]}}