{"id":254,"date":"2016-11-05T17:34:50","date_gmt":"2016-11-05T21:34:50","guid":{"rendered":"https:\/\/www.marylandinjuryattorney.net\/?page_id=254"},"modified":"2018-10-22T22:13:54","modified_gmt":"2018-10-23T02:13:54","slug":"gunther-sanabria","status":"publish","type":"page","link":"https:\/\/marylandinjuryattorney.net\/es\/abogados\/gunther-sanabria\/","title":{"rendered":"Abogado Gunther Sanabria"},"content":{"rendered":"<h1>Abogado Gunther Sanabria<\/h1>\n<p><img style=\"float: left; margin: 15px; border: 4px; border-style: solid; border-color: #003466;\" src=\"https:\/\/marylandinjuryattorney.net\/es\/wp-content\/uploads\/2018\/08\/2018-photo-gunther.jpg\" alt=\"Attorney Gunther Sanabria\" \/>El abogado Gunther Sanabria es el fundador de la firma y se especializa en reclamos por lesiones personales. La pasi\u00f3n de Gunther por ayudar a otros lo impulsa a luchar incansablemente para nivelar el campo llano para las personas lesionadas y sus familias contra las grandes compa\u00f1\u00edas de seguros. Comenz\u00f3 a trabajar en el campo de la ley de lesiones personales en 2004 trabajando como un abogado defensor de seguros que representa a algunas de las compa\u00f1\u00edas de seguros m\u00e1s grandes del pa\u00eds. Obtuvo una amplia experiencia en el manejo de reclamos de seguros y acumul\u00f3 una visi\u00f3n significativa de las estrategias y t\u00e1cticas utilizadas por los aseguradores y sus abogados defensores. La profunda comprensi\u00f3n de las compa\u00f1\u00edas de seguros y la experiencia obtenida al representarlas, lo prepararon para proporcionar una representaci\u00f3n \u00fanica a sus clientes en sus reclamaciones.<\/p>\n<p>Gunther ha manejado cientos de casos desde la etapa de preparaci\u00f3n hasta la negociaci\u00f3n y la liquidaci\u00f3n. Su dedicaci\u00f3n a sus clientes va m\u00e1s all\u00e1 de la sala de la corte en busca de la mejor atenci\u00f3n m\u00e9dica posible disponible para ellos. \u00c9l ha ayudado a varias familias a obtener millones de d\u00f3lares en compensaci\u00f3n por sus reclamos. Gunther enfoca su pr\u00e1ctica en accidentes automovil\u00edsticos, muertes por negligencia, accidentes con peatones, resbalones y ca\u00eddas y muchos otros tipos de casos de lesiones personales. La familia es lo primero para Gunther y se asegurar\u00e1 de que la tuya est\u00e9 protegida en todo momento. Habla espa\u00f1ol, ingl\u00e9s y portugu\u00e9s con fluidez y ofrece consultas gratuitas al (301) 585-8400, o via <a href=\"https:\/\/marylandinjuryattorney.net\/es\/contactenos-247\/\">correo electr\u00f3nico<\/a>.<\/p>\n","protected":false},"excerpt":{"rendered":"Abogado Gunther Sanabria El abogado Gunther Sanabria es el fundador de la firma y se especializa en reclamos por lesiones personales. La pasi\u00f3n de Gunther por ayudar a otros lo impulsa a luchar incansablemente para nivelar el campo llano para las personas lesionadas y sus familias contra las grandes compa\u00f1\u00edas de seguros. Comenz\u00f3 a trabajar&#8230; <a class=\"view-article\" href=\"https:\/\/marylandinjuryattorney.net\/es\/abogados\/gunther-sanabria\/\">View Article<\/a>","protected":false},"author":1,"featured_media":0,"parent":0,"menu_order":0,"comment_status":"closed","ping_status":"closed","template":"","meta":{"inline_featured_image":false},"aioseo_notices":[],"_links":{"self":[{"href":"https:\/\/marylandinjuryattorney.net\/es\/wp-json\/wp\/v2\/pages\/254"}],"collection":[{"href":"https:\/\/marylandinjuryattorney.net\/es\/wp-json\/wp\/v2\/pages"}],"about":[{"href":"https:\/\/marylandinjuryattorney.net\/es\/wp-json\/wp\/v2\/types\/page"}],"author":[{"embeddable":true,"href":"https:\/\/marylandinjuryattorney.net\/es\/wp-json\/wp\/v2\/users\/1"}],"replies":[{"embeddable":true,"href":"https:\/\/marylandinjuryattorney.net\/es\/wp-json\/wp\/v2\/comments?post=254"}],"version-history":[{"count":18,"href":"https:\/\/marylandinjuryattorney.net\/es\/wp-json\/wp\/v2\/pages\/254\/revisions"}],"predecessor-version":[{"id":519,"href":"https:\/\/marylandinjuryattorney.net\/es\/wp-json\/wp\/v2\/pages\/254\/revisions\/519"}],"wp:attachment":[{"href":"https:\/\/marylandinjuryattorney.net\/es\/wp-json\/wp\/v2\/media?parent=254"}],"curies":[{"name":"wp","href":"https:\/\/api.w.org\/{rel}","templated":true}]}}