{"id":151,"date":"2016-10-19T20:45:18","date_gmt":"2016-10-20T00:45:18","guid":{"rendered":"https:\/\/www.marylandinjuryattorney.net\/?page_id=151"},"modified":"2018-10-22T22:10:42","modified_gmt":"2018-10-23T02:10:42","slug":"medical-malpractice","status":"publish","type":"page","link":"https:\/\/marylandinjuryattorney.net\/es\/abogados-de-negligencia-medica","title":{"rendered":"Abogado de negligencia m\u00e9dica en Maryland y D.C."},"content":{"rendered":"<h1>ABOGADOS DE NEGLIGENCIA M\u00c9DICA<\/h1>\n<h2>Atendiendo a toda el \u00e1rea de Maryland y D. C.<\/h2>\n<h3>Abogados de negligencia m\u00e9dica abogan por pacientes lesionados<\/h3>\n<p>Cuando buscamos proveedores m\u00e9dicos que nos ayuden con nuestras preocupaciones de salud, esperamos que tomen decisiones sensatas en nuestro nombre. Sin embargo, miles de m\u00e9dicos, enfermeras y otros profesionales m\u00e9dicos cometen errores cada a\u00f1o que causan lesiones, o incluso la muerte, a sus pacientes. De hecho, un estudio reciente de Johns Hopkins Medicine revel\u00f3 que los errores m\u00e9dicos son la tercera causa de muerte en los Estados Unidos, solo superada por las enfermedades card\u00edacas y el c\u00e1ncer. En Sanabria y Asociados, nuestros abogados de negligencia m\u00e9dica son compasivos pero agresivos: trabajamos en estrecha colaboraci\u00f3n con nuestros clientes durante estos casos dif\u00edciles para garantizar que reciban una compensaci\u00f3n por las lesiones que han sufrido.<\/p>\n<h2>LOS ELEMENTOS DE UNA DEMANDA DE NEGLIGENCIA M\u00c9DICA<\/h2>\n<p>Las demandas por negligencia m\u00e9dica incluyen tres elementos principales: el deber de un profesional m\u00e9dico para con un paciente, el incumplimiento de ese deber y el da\u00f1o causado directamente por el incumplimiento de ese deber. Cada uno de estos elementos debe probarse para que prevalezca una demanda por negligencia m\u00e9dica.<\/p>\n<p>Demostrar que el <em><strong>incumplimiento del deber<\/strong><\/em> es un poco m\u00e1s complejo. Para demostrar que un profesional m\u00e9dico incumpli\u00f3 el deber de cuidar a un paciente, primero debe establecerse el est\u00e1ndar de cuidado. Por lo general, los abogados de negligencia m\u00e9dica consultan con expertos m\u00e9dicos en el mismo campo para obtener una comprensi\u00f3n del est\u00e1ndar de atenci\u00f3n. Por ejemplo, si un paciente muri\u00f3 durante una cirug\u00eda de coraz\u00f3n, los abogados de negligencia m\u00e9dica consultar\u00e1n a un experto m\u00e9dico card\u00edaco para establecer el est\u00e1ndar de cuidado. Trabajando con el experto, los abogados de negligencia m\u00e9dica identificar\u00e1n las acciones u omisiones que causaron da\u00f1o al paciente. En Sanabria y Asociados, trabajamos en estrecha colaboraci\u00f3n con expertos m\u00e9dicos para fortalecer las demandas de nuestros clientes.<\/p>\n<p>Finalmente, se debe establecer el <em><strong>elemento de da\u00f1os de la demanda.<\/strong><\/em> Los da\u00f1os incluyen todos los da\u00f1os que caus\u00f3 el profesional m\u00e9dico. Por ejemplo, si un error quir\u00fargico provoc\u00f3 una infecci\u00f3n, que requerir\u00e1 posteriores cirug\u00edas en el futuro, el paciente deber\u00e1 proporcionar registros m\u00e9dicos y facturas m\u00e9dicas que respalden estas afirmaciones. Otros registros que se pueden proporcionar incluyen evidencia de salarios perdidos, registros de prescripciones, informes de economistas y el costo estimado de la atenci\u00f3n futura.<\/p>\n<h2>QUI\u00c9N PUEDE SER DEMANDADO EN UN JUICIO DE NEGLIGENCIA M\u00c9DICA<\/h2>\n<p>Las demandas por negligencia m\u00e9dica no est\u00e1n limitadas a los m\u00e9dicos. Adem\u00e1s de los m\u00e9dicos, los siguientes profesionales tambi\u00e9n pueden ser responsables del da\u00f1o que causen:<\/p>\n<ul>\n<li>Enfermeras<\/li>\n<li>Hospitales y otros centros m\u00e9dicos\/li>\n<li>Fisioterapeutas<\/li>\n<li>Quiropr\u00e1cticos<\/li>\n<li>Dentistas<\/li>\n<\/ul>\n<p>Por supuesto, esta lista no es exhaustiva. Cualquier profesional m\u00e9dico que da\u00f1e a un paciente puede ser considerado responsable.<\/p>\n<h2>LA IMPORTANCIA DE LA REPRESENTACI\u00d3N LEGAL EN UNA DEMANDA DE NEGLIGENCIA M\u00c9DICA<\/h2>\n<p>Las demandas por negligencia m\u00e9dica son muy complejas y requieren un conocimiento profundo de los procedimientos m\u00e9dicos y las condiciones de salud. Sin la gu\u00eda de un abogado especializado en negligencia m\u00e9dica, el caso de un demandante puede fallar, dejando al demandante como responsable de todas las facturas m\u00e9dicas adicionales en las que se haya incurrido.<\/p>\n<h2>DEJE QUE SANABRIA Y ASOCIADOS LO AYUDEN HOY<\/h2>\n<h3>Hable hoy con nuestros abogados de negligencia m\u00e9dica sobre su demanda<\/h3>\n<p><strong>\u00a0<\/strong>Si usted o un ser querido result\u00f3 lesionado debido a la negligencia de un profesional m\u00e9dico, comun\u00edquese con los abogados con experiencia en lesiones personales de Sanabria y Asociados 24 horas al d\u00eda, los 7 d\u00edas de la semana, por tel\u00e9fono al\u00a0<a href=\"tel:3015858400\">(301) 585-8400<\/a>\u00a0o <a href=\"https:\/\/marylandinjuryattorney.net\/es\/contactenos-247\">correo electr\u00f3nico<\/a> para una <strong>consulta gratuita <\/strong>o programar una visita en nuestras oficinas.\u00a0Luchamos arduamente para que usted obtenga la <em><strong>m\u00e1xima compensaci\u00f3n, y no se hace ning\u00fan pago a menos que ganemos su caso<\/strong><\/em>.<\/p>\n","protected":false},"excerpt":{"rendered":"ABOGADOS DE NEGLIGENCIA M\u00c9DICA Atendiendo a toda el \u00e1rea de Maryland y D. C. Abogados de negligencia m\u00e9dica abogan por pacientes lesionados Cuando buscamos proveedores m\u00e9dicos que nos ayuden con nuestras preocupaciones de salud, esperamos que tomen decisiones sensatas en nuestro nombre. Sin embargo, miles de m\u00e9dicos, enfermeras y otros profesionales m\u00e9dicos cometen errores cada&#8230; <a class=\"view-article\" href=\"https:\/\/marylandinjuryattorney.net\/es\/abogados-de-negligencia-medica\">View Article<\/a>","protected":false},"author":1,"featured_media":0,"parent":0,"menu_order":0,"comment_status":"closed","ping_status":"closed","template":"","meta":{"inline_featured_image":false},"aioseo_notices":[],"_links":{"self":[{"href":"https:\/\/marylandinjuryattorney.net\/es\/wp-json\/wp\/v2\/pages\/151"}],"collection":[{"href":"https:\/\/marylandinjuryattorney.net\/es\/wp-json\/wp\/v2\/pages"}],"about":[{"href":"https:\/\/marylandinjuryattorney.net\/es\/wp-json\/wp\/v2\/types\/page"}],"author":[{"embeddable":true,"href":"https:\/\/marylandinjuryattorney.net\/es\/wp-json\/wp\/v2\/users\/1"}],"replies":[{"embeddable":true,"href":"https:\/\/marylandinjuryattorney.net\/es\/wp-json\/wp\/v2\/comments?post=151"}],"version-history":[{"count":21,"href":"https:\/\/marylandinjuryattorney.net\/es\/wp-json\/wp\/v2\/pages\/151\/revisions"}],"predecessor-version":[{"id":517,"href":"https:\/\/marylandinjuryattorney.net\/es\/wp-json\/wp\/v2\/pages\/151\/revisions\/517"}],"wp:attachment":[{"href":"https:\/\/marylandinjuryattorney.net\/es\/wp-json\/wp\/v2\/media?parent=151"}],"curies":[{"name":"wp","href":"https:\/\/api.w.org\/{rel}","templated":true}]}}