{"id":13,"date":"2016-10-04T09:51:58","date_gmt":"2016-10-04T09:51:58","guid":{"rendered":"http:\/\/scriptreaderonline.com\/?page_id=13"},"modified":"2018-10-22T22:17:17","modified_gmt":"2018-10-23T02:17:17","slug":"wrongful-death","status":"publish","type":"page","link":"https:\/\/marylandinjuryattorney.net\/es\/muerte-por-negligencia","title":{"rendered":"Abogados de muerte injusta en Maryland &#038; D.C."},"content":{"rendered":"<h1>ABOGADOS DE MUERTE POR NEGLIGENCIA<\/h1>\n<h2>Atendiendo a toda el \u00e1rea de Maryland y D.C.<\/h2>\n<h3>Muerte por Negligencia &#8211; Ayudando a las familias a buscar justicia por la muerte de un ser querido<\/h3>\n<p>Las demandas por muerte por negligencia son algunas de las demandas legales m\u00e1s emocionales que manejan los abogados. En estas demandas, los familiares sobrevivientes de un individuo que fue muerto debido a la negligencia de otra persona intentan recuperar los da\u00f1os que han sufrido. Las demandas por muerte injusta pueden deberse a accidentes de tr\u00e1nsito, negligencia m\u00e9dica y una variedad de otros incidentes. En Sanabria y Asociados, nuestros abogados saben c\u00f3mo manejar de manera efectiva las demandas de muerte por negligencia mientras brindan la representaci\u00f3n compasiva que nuestros clientes necesitan en estos momentos dif\u00edciles.<\/p>\n<h2>\u00bfQui\u00e9nes pueden presentar una demanda por muerte por negligencia?<\/h2>\n<p>Los sobrevivientes del fallecido presentan demandas por muerte por negligencia. En la mayor\u00eda de los casos, los c\u00f3nyuges y los hijos presentan acciones por muerte por negligencia. Sin embargo, qui\u00e9n puede presentar una solicitud variar\u00e1 dependiendo de la naturaleza individual de las relaciones del difunto. Por ejemplo, si el fallecido era un adulto soltero, un padre puede tener el derecho de presentar un caso de muerte por negligencia.<\/p>\n<h2>\u00bfCu\u00e1ndo es apropiada una demanda por muerte por negligencia?<\/h2>\n<p>Las demandas por muerte por negligencia buscan compensaci\u00f3n por la muerte de un individuo cuando esa muerte fue causada por la negligencia de otra persona. Por ejemplo, si un conductor ebrio atropella y mata a un peat\u00f3n, la familia del peat\u00f3n puede presentar una demanda por muerte por negligencia contra el conductor ebrio.<\/p>\n<h2>\u00bfQu\u00e9 da\u00f1os se pueden recuperar en una demanda por muerte por negligencia?<\/h2>\n<p>En un caso de muerte por negligencia, hay dos conjuntos de da\u00f1os: aquellos buscados por los sobrevivientes, y aquellos buscados en nombre del difunto.<\/p>\n<p>Los da\u00f1os en nombre del difunto incluyen cualquier da\u00f1o incurrido desde el momento en que ocurri\u00f3 el incidente hasta la muerte. En un accidente automovil\u00edstico, una persona puede sobrevivir por unos pocos momentos, o pueden pasar meses hasta que la persona sucumba por sus lesiones. Tal diferencia tendr\u00e1 un impacto significativo en la cantidad de da\u00f1os buscados. Las facturas m\u00e9dicas, el dolor y el sufrimiento, los salarios perdidos e incluso los gastos funerarios y de entierro son da\u00f1os comunes que los sobrevivientes buscan en nombre del difunto.<\/p>\n<p>Los da\u00f1os que buscan los sobrevivientes son una compensaci\u00f3n por la p\u00e9rdida de su ser querido, y su principal objetivo es proporcionarle el dinero apoyo que el fallecido hubiera podido proporcionar si no hubiera sido muerto. Para respaldar estas demandas por da\u00f1os y perjuicios, a menudo se consulta a economistas y otros expertos para estimar cu\u00e1nto habr\u00eda ganado el fallecido a lo largo de su vida.<br \/>\nAlgunos estados tambi\u00e9n reconocen una p\u00e9rdida de la demanda del consorcio, que compensa a los c\u00f3nyuges y otros parientes por la p\u00e9rdida de la relaci\u00f3n del fallecido.<\/p>\n<h2>Verificaci\u00f3n de un caso de muerte por negligencia<\/h2>\n<p>En caso de muerte por negligencia, los sobrevivientes deben demostrar que la negligencia del demandado caus\u00f3 directamente la muerte de la persona fallecida. Pero primero, deben probar que el acusado le deb\u00eda una obligaci\u00f3n al difunto. Este puede ser la obligaci\u00f3n de obedecer las leyes de tr\u00e1nsito, por ejemplo. Los sobrevivientes deben probar que hubo una violaci\u00f3n de este deber, y debido a esa violaci\u00f3n, el fallecido fue muerto. La violaci\u00f3n puede ser el no diagnosticar correctamente una enfermedad, que caus\u00f3 la muerte. <\/p>\n<p>En Sanabria y Asociados, nuestros abogados entienden c\u00f3mo analizar estas demandas para vincular la negligencia con la muerte de un ser querido.<\/p>\n<h2>DEJE QUE SANABRIA Y ASOCIADOS LO AYUDEN HOY<\/h2>\n<h3>Nuestros abogados est\u00e1n disponibles para ayudar en estos momentos dif\u00edciles.<\/h3>\n<p>En Sanabria y Asociados, nuestros abogados se enorgullecen de brindar representaci\u00f3n de calidad para nuestros clientes durante los momentos m\u00e1s traum\u00e1ticos de sus vidas. Trabajamos diligentemente para ayudar a nuestros clientes a recuperar la <strong>m\u00e1xima compensaci\u00f3n , y no hay honorarios a menos que ganemos tu caso<\/strong>.<strong>\u00a0<\/strong>\u00a0Comun\u00edquese con los abogados especializados en lesiones<br \/>\npersonales de Sanabria y Asociados 24 horas al d\u00eda, los 7 d\u00edas de la semana, por<br \/>\ntel\u00e9fono al <a href=\"tel:3015858400\">(301) 585-8400<\/a>\u00a0o <a href=\"https:\/\/marylandinjuryattorney.net\/es\/contactenos-247\">correo electr\u00f3nico<\/a> para una consulta gratuita o para programar una visita en la oficina..<\/p>\n","protected":false},"excerpt":{"rendered":"ABOGADOS DE MUERTE POR NEGLIGENCIA Atendiendo a toda el \u00e1rea de Maryland y D.C. Muerte por Negligencia &#8211; Ayudando a las familias a buscar justicia por la muerte de un ser querido Las demandas por muerte por negligencia son algunas de las demandas legales m\u00e1s emocionales que manejan los abogados. En estas demandas, los familiares&#8230; <a class=\"view-article\" href=\"https:\/\/marylandinjuryattorney.net\/es\/muerte-por-negligencia\">View Article<\/a>","protected":false},"author":1,"featured_media":0,"parent":0,"menu_order":0,"comment_status":"closed","ping_status":"closed","template":"","meta":{"inline_featured_image":false},"aioseo_notices":[],"_links":{"self":[{"href":"https:\/\/marylandinjuryattorney.net\/es\/wp-json\/wp\/v2\/pages\/13"}],"collection":[{"href":"https:\/\/marylandinjuryattorney.net\/es\/wp-json\/wp\/v2\/pages"}],"about":[{"href":"https:\/\/marylandinjuryattorney.net\/es\/wp-json\/wp\/v2\/types\/page"}],"author":[{"embeddable":true,"href":"https:\/\/marylandinjuryattorney.net\/es\/wp-json\/wp\/v2\/users\/1"}],"replies":[{"embeddable":true,"href":"https:\/\/marylandinjuryattorney.net\/es\/wp-json\/wp\/v2\/comments?post=13"}],"version-history":[{"count":16,"href":"https:\/\/marylandinjuryattorney.net\/es\/wp-json\/wp\/v2\/pages\/13\/revisions"}],"predecessor-version":[{"id":526,"href":"https:\/\/marylandinjuryattorney.net\/es\/wp-json\/wp\/v2\/pages\/13\/revisions\/526"}],"wp:attachment":[{"href":"https:\/\/marylandinjuryattorney.net\/es\/wp-json\/wp\/v2\/media?parent=13"}],"curies":[{"name":"wp","href":"https:\/\/api.w.org\/{rel}","templated":true}]}}