{"id":11,"date":"2016-10-04T09:51:46","date_gmt":"2016-10-04T09:51:46","guid":{"rendered":"http:\/\/scriptreaderonline.com\/?page_id=11"},"modified":"2019-05-21T16:40:43","modified_gmt":"2019-05-21T20:40:43","slug":"manassas-car-accident-lawyer","status":"publish","type":"page","link":"https:\/\/marylandinjuryattorney.net\/es\/abogados-de-accidentes-de-auto","title":{"rendered":"Abogados de accidentes de auto en Maryland y D.C."},"content":{"rendered":"<p><img loading=\"lazy\" class=\"photox\" style=\"width: 100%; height: 100%; margin-top: 15px;\" src=\"https:\/\/marylandinjuryattorney.net\/es\/wp-content\/uploads\/2019\/05\/injury-gunther2-2019.jpg\" width=\"690\" height=\"504\" \/><\/p>\n<h1>ABOGADOS DE ACCIDENTES DE AUTOMOVIL EN MARYLAND<\/h1>\n<h2>Al Servicio de toda el \u00e1rea de Maryland y D. C.<\/h2>\n<h3>\u00a1Nuestro objetivo es siempre la m\u00e1xima compensaci\u00f3n financiera!<\/h3>\n<p><img loading=\"lazy\" class=\"alignleft wp-image-327 size-full\" style=\"float: left; margin-right: 15px;\" src=\"https:\/\/marylandinjuryattorney.net\/es\/wp-content\/uploads\/2016\/10\/financial-compensation.jpg\" width=\"200\" height=\"149\" srcset=\"https:\/\/marylandinjuryattorney.net\/es\/wp-content\/uploads\/2016\/10\/financial-compensation.jpg 200w, https:\/\/marylandinjuryattorney.net\/es\/wp-content\/uploads\/2016\/10\/financial-compensation-120x89.jpg 120w\" sizes=\"(max-width: 200px) 100vw, 200px\" \/>Si usted ha estado involucrado en un accidente automovil\u00edstico, es importante que conozca y comprenda sus derechos legales. La ley proporciona ciertas protecciones para las v\u00edctimas de accidentes automovil\u00edsticos. Adem\u00e1s, las v\u00edctimas tienen derecho a ciertos tipos de da\u00f1os monetarios. El prop\u00f3sito de estos da\u00f1os es hacer que la v\u00edctima est\u00e9 \u201ccompleta\u201d de nuevo despu\u00e9s de un accidente. En Sanabria y Asociados, nuestros abogados tienen a\u00f1os de experiencia en el manejo de demandas de accidentes automovil\u00edsticos. Lucharemos en cada paso del camino, desde la presentaci\u00f3n inicial de su caso hasta la fase de prueba para asegurar que usted reciba la m\u00e1xima compensaci\u00f3n financiera. <\/p>\n<h2>\u00bfESTUVO INVOLUCRADO EN UN ACCIDENTE DE AUTOMOVIL? \u00bfY AHORA QU\u00c9?<\/h2>\n<p>\u00bfCu\u00e1les son los pasos involucrados en una demanda de accidente de autom\u00f3vil? Primero, debe comunicarse con un abogado tan pronto como sea posible despu\u00e9s de que ocurra un accidente. Hay fechas l\u00edmites que restringen la cantidad de tiempo que las demandantes tienen para presentar un caso. Estos plazos son llamados estatutos de limitaciones. Si un demandante pierde el estatuto de limitaciones en un caso, el demandante nunca podr\u00e1 recuperar los da\u00f1os y perjuicios. Esto significa que el demandante ser\u00eda el \u00fanico responsable de las facturas m\u00e9dicas, los salarios perdidos y los gastos m\u00e9dicos futuros que resulten del accidente. Nuestros abogados comienzan a trabajar inmediatamente en su caso para ayudarlo a obtener la compensaci\u00f3n que usted merece. <\/p>\n<p>En los d\u00edas posteriores a su accidente, es probable que la compa\u00f1\u00eda de seguros del otro conductor lo contacte. No debe hablar con la compa\u00f1\u00eda de seguros, ya que ellos intentar\u00e1n utilizar las declaraciones que realice en su contra a lo largo de su demanda. En cambio, debe referir al representante a su abogado. Nuestros abogados hablar\u00e1n con la compa\u00f1\u00eda de seguros en su nombre para que pueda enfocarse en su pronta mejor\u00eda.<\/p>\n<h2>C\u00d3MO GANAMOS SU CASO<\/h2>\n<p>Al contratar a nuestra firma, nuestros abogados comenzar\u00e1n a recopilar evidencia en su caso. Solicitaremos registros m\u00e9dicos, informes de accidentes, declaraciones de testigos oculares, facturas m\u00e9dicas, informes de salarios perdidos y otros documentos que demuestren c\u00f3mo su accidente impact\u00f3 su vida. Una vez que hayamos recopilado toda la evidencia necesaria, comenzaremos a negociar un acuerdo de resoluci\u00f3n con la compa\u00f1\u00eda de seguros. Si la compa\u00f1\u00eda de seguros se niega a aceptar un acuerdo razonable, presentaremos una demanda en su nombre. En Sanabria y Asociados, nuestros abogados no tienen miedo de enfrentarse a las compa\u00f1\u00edas de seguros en el tribunal. <\/p>\n<h3>\u00bfQu\u00e9 tipo de da\u00f1os hay disponibles en mi caso? <\/h3>\n<p><strong>\u00a0<\/strong>Hay varios tipos de da\u00f1os disponibles en una demanda por lesiones personales. Estos incluyen, entre otros: <\/p>\n<ul>\n<li>Facturas m\u00e9dicas, incluidas las facturas de fisioterapia, facturas de quiropr\u00e1ctico, facturas hospitalarias, facturas de la sala de emergencias y recibos de recetas m\u00e9dicas. <\/li>\n<li>Salarios perdidos o el ingreso que perdi\u00f3 debido a sus lesiones. <\/li>\n<li>Dolor y sufrimiento, que lo compensa por el da\u00f1o f\u00edsico que sufri\u00f3<\/li>\n<li>Angustia emocional, que incluye compensaci\u00f3n por trastorno de estr\u00e9s postraum\u00e1tico, ansiedad, depresi\u00f3n y otras afecciones psicol\u00f3gicas; y<\/li>\n<li>Da\u00f1os punitivos, que buscan castigar a un acusado por un comportamiento especialmente imprudente o atroz.<\/li>\n<\/ul>\n<p>Seg\u00fan los hechos de su caso, usted puede tener derecho a algunos o todos estos da\u00f1os y perjuicios. Adem\u00e1s, esta no es una lista exhaustiva de todos los da\u00f1os que pueden estar disponibles. Para determinar los da\u00f1os que puede buscar en su caso, debe hablar con un abogado especializado en lesiones personales con experiencia en estas demandas. <\/p>\n<h2>DEJE QUE SANABRIA Y ASOCIADOS LO AYUDE HOY<\/h2>\n<h3>Consulta legal sobre accidentes \/ lesiones sin costo alguno.<\/h3>\n<p>Existen plazos establecidos que limitan la cantidad de tiempo que est\u00e1 disponible para presentar demandas por lesiones de accidentes de autom\u00f3vil. Por lo tanto, es importante consultar con un abogado de lesiones personales tan pronto como sea posible.<\/p>\n<p>Comun\u00edquese con los abogados con experiencia en lesiones de accidentes de autom\u00f3vil de Sanabria y Asociados 24 horas al d\u00eda, los 7 d\u00edas de la semana, por tel\u00e9fono al <a href=\"tel:3015858400\">(301) 585-8400<\/a> o por <a href=\"https:\/\/marylandinjuryattorney.net\/es\/contactenos-247\">correo electr\u00f3nico <\/a> para una <strong>consulta gratuita <\/strong>o programar una visita en nuestras oficinas.\u00a0 Our offices are in Silver Spring, Baltimore, Langley Park and Washington D.C. Lucharemos duro para que usted pueda obtener la <em><strong>m\u00e1xima compensaci\u00f3n financiera, y no se pagar\u00e1n honorarios hasta que ganemos su caso<\/strong><\/em>.<\/p>\n<p><a href=\"tel:3015858400\"><img style=\"float: left; margin-right: 10px;\" src=\"https:\/\/marylandinjuryattorney.net\/es\/wp-content\/uploads\/2016\/10\/phone.jpg\" alt=\"Call 24\/7\" \/><\/a><span style=\"color: #0b3350; font-weight: 600;\">Espa\u00f1ol e Ingl\u00e9s<\/span><\/p>\n","protected":false},"excerpt":{"rendered":"ABOGADOS DE ACCIDENTES DE AUTOMOVIL EN MARYLAND Al Servicio de toda el \u00e1rea de Maryland y D. C. \u00a1Nuestro objetivo es siempre la m\u00e1xima compensaci\u00f3n financiera! Si usted ha estado involucrado en un accidente automovil\u00edstico, es importante que conozca y comprenda sus derechos legales. La ley proporciona ciertas protecciones para las v\u00edctimas de accidentes automovil\u00edsticos&#8230;. <a class=\"view-article\" href=\"https:\/\/marylandinjuryattorney.net\/es\/abogados-de-accidentes-de-auto\">View Article<\/a>","protected":false},"author":1,"featured_media":0,"parent":0,"menu_order":0,"comment_status":"closed","ping_status":"closed","template":"","meta":{"inline_featured_image":false},"aioseo_notices":[],"_links":{"self":[{"href":"https:\/\/marylandinjuryattorney.net\/es\/wp-json\/wp\/v2\/pages\/11"}],"collection":[{"href":"https:\/\/marylandinjuryattorney.net\/es\/wp-json\/wp\/v2\/pages"}],"about":[{"href":"https:\/\/marylandinjuryattorney.net\/es\/wp-json\/wp\/v2\/types\/page"}],"author":[{"embeddable":true,"href":"https:\/\/marylandinjuryattorney.net\/es\/wp-json\/wp\/v2\/users\/1"}],"replies":[{"embeddable":true,"href":"https:\/\/marylandinjuryattorney.net\/es\/wp-json\/wp\/v2\/comments?post=11"}],"version-history":[{"count":44,"href":"https:\/\/marylandinjuryattorney.net\/es\/wp-json\/wp\/v2\/pages\/11\/revisions"}],"predecessor-version":[{"id":429,"href":"https:\/\/marylandinjuryattorney.net\/es\/wp-json\/wp\/v2\/pages\/11\/revisions\/429"}],"wp:attachment":[{"href":"https:\/\/marylandinjuryattorney.net\/es\/wp-json\/wp\/v2\/media?parent=11"}],"curies":[{"name":"wp","href":"https:\/\/api.w.org\/{rel}","templated":true}]}}